{"id":39,"date":"2020-06-03T11:49:03","date_gmt":"2020-06-03T09:49:03","guid":{"rendered":"https:\/\/www.entspann-dich.at\/?page_id=39"},"modified":"2020-06-10T14:31:36","modified_gmt":"2020-06-10T12:31:36","slug":"klangtherapie","status":"publish","type":"page","link":"https:\/\/www.entspann-dich.at\/index.php\/klangtherapie\/","title":{"rendered":"Klangtherapie"},"content":{"rendered":"\n<h2 class=\"wp-block-heading\">Erlebe die binaurale Schwebung der Klangtherapie und sp\u00fcre ihre heilende Wirkung<\/h2>\n\n\n\n<p>Ob materiell oder nichtmateriell, alles ist Schwingung in exakt unterteilten Frequenzbereichen von 0-100000 Herz. Auch unsere K\u00f6rperzellen schwingen und werden durch s\u00e4mtliche Umwelteinfl\u00fcsse, unserer Ern\u00e4hrung und Gedanken, nicht gesundheitsf\u00f6rderlich beeinflusst bzw. informiert. Dies verursacht Unwohlsein und Stress f\u00fcr unseren Organismus. Die Folgen f\u00fchren zu Schlafst\u00f6rungen und vielen Krankheiten, welche mit der heutigen schulischen Medizin allein nicht ganzheitlich geheilt werden k\u00f6nnen.<\/p>\n\n\n\n<p>Mit Hilfe von selbstgebauten Klangk\u00f6rpern werden viele Frequenzen gleichzeitig h\u00f6rbar und sp\u00fcrbar gemacht. Die Saiten werden auf einen vorher bestimmten Ton bzw. einen Hz-Frequenzbereich gestimmt. Pro Klangk\u00f6rper sind bis zu 76 einzeln gestimmte Saiten, die durch geringf\u00fcgige, unterschiedliche Frequenzen sogenannte \u201eSchwebungsfrequenzen\u201c erzeugen. Dieser, als \u201ebinaurale Schwebung\u201c, bezeichnete Effekt ist durch EEG-Messungen nachweisbar und ver\u00e4ndert daher unsere Bewusstseinszust\u00e4nde. Speziell im Delta-, Theta-, Alpha- und Beta-Wellenbereich wo, Trancezust\u00e4nde, Hypnose, Meditation, Tr\u00e4ume, Erinnerungen und beginnende Gl\u00fccksgef\u00fchle sich einstellen. Dies f\u00fchrt fast immer zur v\u00f6lligen Entspannung bzw. zu einer ruhigen, gelassenen Aufmerksamkeit. Gerade im digitalen Zeitalter ist \u201eAnalog\u201c der beste Ausgleich. Bis zu 144000 Ober-, Unter- und Zwischent\u00f6ne wirken auf unseren Organismus ein. Wo nun das Resonanzgesetz zu seiner Wirkung kommt. Unsere K\u00f6rperzellen gehen in Einklang mit diesen Frequenzen, wodurch unsere Selbstheilungskr\u00e4fte wieder aktiviert werden. Das sind die besten Voraussetzungen f\u00fcr eine ganzheitliche Gesundheit f\u00fcr K\u00f6rper, Geist und Seele.<\/p>\n\n\n\n<p>Dauer und H\u00e4ufigkeit der Klangtherapie wird individuell auf den Klienten angepasst.<\/p>\n\n\n\n<figure class=\"wp-block-image size-large\"><img loading=\"lazy\" decoding=\"async\" width=\"1024\" height=\"680\" src=\"https:\/\/www.entspann-dich.at\/wp-content\/uploads\/2020\/06\/DSC9492-1024x680.jpg\" alt=\"\" class=\"wp-image-281\" srcset=\"https:\/\/www.entspann-dich.at\/wp-content\/uploads\/2020\/06\/DSC9492-1024x680.jpg 1024w, https:\/\/www.entspann-dich.at\/wp-content\/uploads\/2020\/06\/DSC9492-300x199.jpg 300w, https:\/\/www.entspann-dich.at\/wp-content\/uploads\/2020\/06\/DSC9492-768x510.jpg 768w, https:\/\/www.entspann-dich.at\/wp-content\/uploads\/2020\/06\/DSC9492-1536x1020.jpg 1536w, https:\/\/www.entspann-dich.at\/wp-content\/uploads\/2020\/06\/DSC9492-2048x1360.jpg 2048w, https:\/\/www.entspann-dich.at\/wp-content\/uploads\/2020\/06\/DSC9492-400x266.jpg 400w, https:\/\/www.entspann-dich.at\/wp-content\/uploads\/2020\/06\/DSC9492-600x398.jpg 600w, https:\/\/www.entspann-dich.at\/wp-content\/uploads\/2020\/06\/DSC9492-1200x797.jpg 1200w, https:\/\/www.entspann-dich.at\/wp-content\/uploads\/2020\/06\/DSC9492-1920x1275.jpg 1920w, https:\/\/www.entspann-dich.at\/wp-content\/uploads\/2020\/06\/DSC9492.jpg 2500w\" sizes=\"(max-width: 1024px) 100vw, 1024px\" \/><\/figure>\n\n\n\n<div class=\"wp-block-buttons is-layout-flex wp-block-buttons-is-layout-flex\">\n<div class=\"wp-block-button\"><a class=\"wp-block-button__link\" href=\"https:\/\/www.entspann-dich.at\/index.php\/klangtherapie\/klangbett\/\">Klangbett-Therapie<\/a><\/div>\n\n\n\n<div class=\"wp-block-button\"><a class=\"wp-block-button__link\" href=\"https:\/\/www.entspann-dich.at\/index.php\/klangtherapie\/monochorde\/\">Monochord-Therapie<\/a><\/div>\n<\/div>\n","protected":false},"excerpt":{"rendered":"<p>Erlebe die binaurale Schwebung der Klangtherapie und sp\u00fcre ihre heilende Wirkung Ob materiell oder nichtmateriell, alles ist Schwingung in exakt unterteilten Frequenzbereichen von 0-100000 Herz. Auch unsere K\u00f6rperzellen schwingen und werden durch s\u00e4mtliche Umwelteinfl\u00fcsse, unserer Ern\u00e4hrung und Gedanken, nicht gesundheitsf\u00f6rderlich beeinflusst bzw. informiert. Dies verursacht Unwohlsein und Stress f\u00fcr unseren Organismus. Die Folgen f\u00fchren zu [&hellip;]<\/p>\n","protected":false},"author":3,"featured_media":0,"parent":0,"menu_order":0,"comment_status":"closed","ping_status":"closed","template":"","meta":{"footnotes":""},"class_list":["post-39","page","type-page","status-publish","hentry"],"_links":{"self":[{"href":"https:\/\/www.entspann-dich.at\/index.php\/wp-json\/wp\/v2\/pages\/39"}],"collection":[{"href":"https:\/\/www.entspann-dich.at\/index.php\/wp-json\/wp\/v2\/pages"}],"about":[{"href":"https:\/\/www.entspann-dich.at\/index.php\/wp-json\/wp\/v2\/types\/page"}],"author":[{"embeddable":true,"href":"https:\/\/www.entspann-dich.at\/index.php\/wp-json\/wp\/v2\/users\/3"}],"replies":[{"embeddable":true,"href":"https:\/\/www.entspann-dich.at\/index.php\/wp-json\/wp\/v2\/comments?post=39"}],"version-history":[{"count":4,"href":"https:\/\/www.entspann-dich.at\/index.php\/wp-json\/wp\/v2\/pages\/39\/revisions"}],"predecessor-version":[{"id":299,"href":"https:\/\/www.entspann-dich.at\/index.php\/wp-json\/wp\/v2\/pages\/39\/revisions\/299"}],"wp:attachment":[{"href":"https:\/\/www.entspann-dich.at\/index.php\/wp-json\/wp\/v2\/media?parent=39"}],"curies":[{"name":"wp","href":"https:\/\/api.w.org\/{rel}","templated":true}]}}