{"id":51,"date":"2020-06-03T12:01:56","date_gmt":"2020-06-03T10:01:56","guid":{"rendered":"https:\/\/www.entspann-dich.at\/?page_id=51"},"modified":"2020-06-10T14:28:19","modified_gmt":"2020-06-10T12:28:19","slug":"monochorde","status":"publish","type":"page","link":"https:\/\/www.entspann-dich.at\/index.php\/klangtherapie\/monochorde\/","title":{"rendered":"Monochorde"},"content":{"rendered":"\n<h2 class=\"wp-block-heading\">Von den Monochordkl\u00e4ngen in neue Bewusstseinszust\u00e4nde f\u00fchren lassen<\/h2>\n\n\n\n<p>Aus verschiedenen Edelh\u00f6lzern stehend, sind sie nicht nur optisch wahre Schmuckst\u00fccke, sondern auch ihre Kl\u00e4nge und T\u00f6ne f\u00fchren sie sofort in neue Bewusstseinszust\u00e4nde. Sie eignen sich auch hervorragend als Unterst\u00fctzung zu anderen Energetik-Behandlungen, aber auch f\u00fcr Konzerte und Klangsitzungen bei von ihnen gew\u00fcnschten Orten. Ob Wellnesshotels, Schulen, Kinderg\u00e4rten, Altersheime oder in anderen Kleingruppen bzw. Einzelpersonen bei ihnen zu Hause. Erleben sie die \u201ebinaurale Schwebung\u201c und erfahren sie diese einzigartige Entspannungs- bzw. Therapiem\u00f6glichkeit. Kontaktieren sie mich und ich plane gerne mit ihnen, ihr Klangevent.<\/p>\n\n\n\n<figure class=\"wp-block-image size-large\"><img loading=\"lazy\" decoding=\"async\" width=\"1024\" height=\"808\" src=\"https:\/\/www.entspann-dich.at\/wp-content\/uploads\/2020\/06\/Monochord-1024x808.jpg\" alt=\"\" class=\"wp-image-287\" srcset=\"https:\/\/www.entspann-dich.at\/wp-content\/uploads\/2020\/06\/Monochord-1024x808.jpg 1024w, https:\/\/www.entspann-dich.at\/wp-content\/uploads\/2020\/06\/Monochord-300x237.jpg 300w, https:\/\/www.entspann-dich.at\/wp-content\/uploads\/2020\/06\/Monochord-768x606.jpg 768w, https:\/\/www.entspann-dich.at\/wp-content\/uploads\/2020\/06\/Monochord-1536x1212.jpg 1536w, https:\/\/www.entspann-dich.at\/wp-content\/uploads\/2020\/06\/Monochord-2048x1616.jpg 2048w, https:\/\/www.entspann-dich.at\/wp-content\/uploads\/2020\/06\/Monochord-400x316.jpg 400w, https:\/\/www.entspann-dich.at\/wp-content\/uploads\/2020\/06\/Monochord-600x473.jpg 600w, https:\/\/www.entspann-dich.at\/wp-content\/uploads\/2020\/06\/Monochord-1200x947.jpg 1200w, https:\/\/www.entspann-dich.at\/wp-content\/uploads\/2020\/06\/Monochord-1920x1515.jpg 1920w, https:\/\/www.entspann-dich.at\/wp-content\/uploads\/2020\/06\/Monochord.jpg 2560w\" sizes=\"(max-width: 1024px) 100vw, 1024px\" \/><\/figure>\n","protected":false},"excerpt":{"rendered":"<p>Von den Monochordkl\u00e4ngen in neue Bewusstseinszust\u00e4nde f\u00fchren lassen Aus verschiedenen Edelh\u00f6lzern stehend, sind sie nicht nur optisch wahre Schmuckst\u00fccke, sondern auch ihre Kl\u00e4nge und T\u00f6ne f\u00fchren sie sofort in neue Bewusstseinszust\u00e4nde. Sie eignen sich auch hervorragend als Unterst\u00fctzung zu anderen Energetik-Behandlungen, aber auch f\u00fcr Konzerte und Klangsitzungen bei von ihnen gew\u00fcnschten Orten. Ob Wellnesshotels, Schulen, [&hellip;]<\/p>\n","protected":false},"author":3,"featured_media":0,"parent":39,"menu_order":0,"comment_status":"closed","ping_status":"closed","template":"","meta":{"footnotes":""},"class_list":["post-51","page","type-page","status-publish","hentry"],"_links":{"self":[{"href":"https:\/\/www.entspann-dich.at\/index.php\/wp-json\/wp\/v2\/pages\/51"}],"collection":[{"href":"https:\/\/www.entspann-dich.at\/index.php\/wp-json\/wp\/v2\/pages"}],"about":[{"href":"https:\/\/www.entspann-dich.at\/index.php\/wp-json\/wp\/v2\/types\/page"}],"author":[{"embeddable":true,"href":"https:\/\/www.entspann-dich.at\/index.php\/wp-json\/wp\/v2\/users\/3"}],"replies":[{"embeddable":true,"href":"https:\/\/www.entspann-dich.at\/index.php\/wp-json\/wp\/v2\/comments?post=51"}],"version-history":[{"count":3,"href":"https:\/\/www.entspann-dich.at\/index.php\/wp-json\/wp\/v2\/pages\/51\/revisions"}],"predecessor-version":[{"id":296,"href":"https:\/\/www.entspann-dich.at\/index.php\/wp-json\/wp\/v2\/pages\/51\/revisions\/296"}],"up":[{"embeddable":true,"href":"https:\/\/www.entspann-dich.at\/index.php\/wp-json\/wp\/v2\/pages\/39"}],"wp:attachment":[{"href":"https:\/\/www.entspann-dich.at\/index.php\/wp-json\/wp\/v2\/media?parent=51"}],"curies":[{"name":"wp","href":"https:\/\/api.w.org\/{rel}","templated":true}]}}