{"id":63,"date":"2020-06-03T12:00:36","date_gmt":"2020-06-03T10:00:36","guid":{"rendered":"https:\/\/www.entspann-dich.at\/?page_id=63"},"modified":"2020-06-10T11:50:17","modified_gmt":"2020-06-10T09:50:17","slug":"fuss-energetik","status":"publish","type":"page","link":"https:\/\/www.entspann-dich.at\/index.php\/energetik-angebote\/fuss-energetik\/","title":{"rendered":"Fu\u00df-Energetik"},"content":{"rendered":"\n<h2 class=\"wp-block-heading\">Unsere F\u00fc\u00dfe tragen uns durchs Leben \u2013 Schenken wir ihnen die verdiente Aufmerksamkeit<\/h2>\n\n\n\n<p>Dies ist eine Energetik-Behandlung der Fu\u00dfreflex-Zonen, die eine Harmonisierung der k\u00f6rperlich-geistig und seelischen Disharmonien herbeif\u00fchrt. Ob Beschwerden bei Gelenken, Muskeln, Nerven, Organe oder auch bei Beschwerden psychischer Natur, ja sogar bis hin zu ihrer seelischen Grundpr\u00e4gung. All dies kommt in Harmonie und Blockaden werden in den nat\u00fcrlichen Fluss gebracht. Terminanfragen per E-Mail und\/oder telefonisch.<\/p>\n","protected":false},"excerpt":{"rendered":"<p>Unsere F\u00fc\u00dfe tragen uns durchs Leben \u2013 Schenken wir ihnen die verdiente Aufmerksamkeit Dies ist eine Energetik-Behandlung der Fu\u00dfreflex-Zonen, die eine Harmonisierung der k\u00f6rperlich-geistig und seelischen Disharmonien herbeif\u00fchrt. Ob Beschwerden bei Gelenken, Muskeln, Nerven, Organe oder auch bei Beschwerden psychischer Natur, ja sogar bis hin zu ihrer seelischen Grundpr\u00e4gung. All dies kommt in Harmonie und [&hellip;]<\/p>\n","protected":false},"author":3,"featured_media":0,"parent":57,"menu_order":0,"comment_status":"closed","ping_status":"closed","template":"","meta":{"footnotes":""},"class_list":["post-63","page","type-page","status-publish","hentry"],"_links":{"self":[{"href":"https:\/\/www.entspann-dich.at\/index.php\/wp-json\/wp\/v2\/pages\/63"}],"collection":[{"href":"https:\/\/www.entspann-dich.at\/index.php\/wp-json\/wp\/v2\/pages"}],"about":[{"href":"https:\/\/www.entspann-dich.at\/index.php\/wp-json\/wp\/v2\/types\/page"}],"author":[{"embeddable":true,"href":"https:\/\/www.entspann-dich.at\/index.php\/wp-json\/wp\/v2\/users\/3"}],"replies":[{"embeddable":true,"href":"https:\/\/www.entspann-dich.at\/index.php\/wp-json\/wp\/v2\/comments?post=63"}],"version-history":[{"count":2,"href":"https:\/\/www.entspann-dich.at\/index.php\/wp-json\/wp\/v2\/pages\/63\/revisions"}],"predecessor-version":[{"id":203,"href":"https:\/\/www.entspann-dich.at\/index.php\/wp-json\/wp\/v2\/pages\/63\/revisions\/203"}],"up":[{"embeddable":true,"href":"https:\/\/www.entspann-dich.at\/index.php\/wp-json\/wp\/v2\/pages\/57"}],"wp:attachment":[{"href":"https:\/\/www.entspann-dich.at\/index.php\/wp-json\/wp\/v2\/media?parent=63"}],"curies":[{"name":"wp","href":"https:\/\/api.w.org\/{rel}","templated":true}]}}