{"id":75,"date":"2020-06-03T11:59:50","date_gmt":"2020-06-03T09:59:50","guid":{"rendered":"https:\/\/www.entspann-dich.at\/?page_id=75"},"modified":"2020-06-10T11:53:17","modified_gmt":"2020-06-10T09:53:17","slug":"entsaeuern-entschlacken","status":"publish","type":"page","link":"https:\/\/www.entspann-dich.at\/index.php\/energetik-angebote\/entsaeuern-entschlacken\/","title":{"rendered":"Ents\u00e4uern-Entschlacken"},"content":{"rendered":"\n<h2 class=\"wp-block-heading\">Den K\u00f6rper auch innerlich reinigen! &#8211; Body Detox<\/h2>\n\n\n\n<p>Mit Unterst\u00fctzung von Body-Detox dem professionellen Elektrolyse Fu\u00dfbad wird die Durchblutung verbessert, damit auch der Stoff- und Informationsaustausch im Bindegewebe, was allgemein ausleitend wirkt. Durch die Elektrolyse wird das salzhaltige Wasser im hohen Ma\u00dfe ionisiert. Dies kann bis in die tiefen Zellschichten wahrgenommen werden, und der ionisierte K\u00f6rper bekommt den Impuls zur Ausleitung von Schadstoffen, die in den folgenden 24-48 Stunden \u00fcber die Haut, Nieren, Lunge und Darm ausgeschieden werden k\u00f6nnen. Body-Detox ist auch die einzig bekannte Methode mit der w\u00e4hrend der Behandlung Harns\u00e4ure direkt \u00fcber die Poren der F\u00fc\u00dfe ausgeleitet werden kann. Gleichzeitig werden die Zellen elektrisch revitalisiert und die K\u00f6rperfl\u00fcssigkeiten gereinigt und aktiviert, damit sie dem K\u00f6rper als Transport- und Reinigungsmittel wieder unterst\u00fctzen k\u00f6nnen. Diese Methode kann einen wertvollen Beitrag leisten, ihr volles Gesundheitspotenzial zu entfalten und den gest\u00f6rten S\u00e4ure\u2013Basen Haushalt, der oft zu chronischen und bekannten Zivilisationskrankheiten f\u00fchrt, wiederherzustellen.&nbsp; Gerne berate ich sie zus\u00e4tzlich \u00fcber die f\u00fcr sie geeigneten Nahrungserg\u00e4nzungsmittel, die auf nat\u00fcrlichem Wege ihre M\u00e4ngel an wichtigen Vitaminen, Mineralstoffen, Spurenelementen, Aminos\u00e4uren und Enzymen (usw..) auf k\u00f6rperlicher Ebene wieder auff\u00fcllen. Auch im feinstofflichen Bereich berate ich sie gerne. Spagyrik, Alchemie, Pflanzen-, Edelstein- und Metallessenzen, welche sehr stark auf seelisch-geistiger und k\u00f6rperlicher Ebene wirken.<\/p>\n","protected":false},"excerpt":{"rendered":"<p>Den K\u00f6rper auch innerlich reinigen! &#8211; Body Detox Mit Unterst\u00fctzung von Body-Detox dem professionellen Elektrolyse Fu\u00dfbad wird die Durchblutung verbessert, damit auch der Stoff- und Informationsaustausch im Bindegewebe, was allgemein ausleitend wirkt. Durch die Elektrolyse wird das salzhaltige Wasser im hohen Ma\u00dfe ionisiert. Dies kann bis in die tiefen Zellschichten wahrgenommen werden, und der ionisierte [&hellip;]<\/p>\n","protected":false},"author":3,"featured_media":0,"parent":57,"menu_order":0,"comment_status":"closed","ping_status":"closed","template":"","meta":{"footnotes":""},"class_list":["post-75","page","type-page","status-publish","hentry"],"_links":{"self":[{"href":"https:\/\/www.entspann-dich.at\/index.php\/wp-json\/wp\/v2\/pages\/75"}],"collection":[{"href":"https:\/\/www.entspann-dich.at\/index.php\/wp-json\/wp\/v2\/pages"}],"about":[{"href":"https:\/\/www.entspann-dich.at\/index.php\/wp-json\/wp\/v2\/types\/page"}],"author":[{"embeddable":true,"href":"https:\/\/www.entspann-dich.at\/index.php\/wp-json\/wp\/v2\/users\/3"}],"replies":[{"embeddable":true,"href":"https:\/\/www.entspann-dich.at\/index.php\/wp-json\/wp\/v2\/comments?post=75"}],"version-history":[{"count":2,"href":"https:\/\/www.entspann-dich.at\/index.php\/wp-json\/wp\/v2\/pages\/75\/revisions"}],"predecessor-version":[{"id":212,"href":"https:\/\/www.entspann-dich.at\/index.php\/wp-json\/wp\/v2\/pages\/75\/revisions\/212"}],"up":[{"embeddable":true,"href":"https:\/\/www.entspann-dich.at\/index.php\/wp-json\/wp\/v2\/pages\/57"}],"wp:attachment":[{"href":"https:\/\/www.entspann-dich.at\/index.php\/wp-json\/wp\/v2\/media?parent=75"}],"curies":[{"name":"wp","href":"https:\/\/api.w.org\/{rel}","templated":true}]}}